{"id":44,"date":"2022-05-26T13:39:31","date_gmt":"2022-05-26T16:39:31","guid":{"rendered":"http:\/\/localhost:8888\/vdw_site\/?page_id=44"},"modified":"2022-09-02T11:15:53","modified_gmt":"2022-09-02T14:15:53","slug":"institucional","status":"publish","type":"page","link":"https:\/\/vdwdental.com.br\/es\/institucional\/","title":{"rendered":"Institucional"},"content":{"rendered":"<h2 class=\"wp-block-heading\">Institucional<\/h2>\n\n\n\n<h3 class=\"wp-block-heading\">Sobre la marca<\/h3>\n\n\n\n<p>Los \u00faltimos 15 a\u00f1os han representado una gran evoluci\u00f3n para Endodoncia Mundial y VDW ha contribuido significativamente a esta jornada.<\/p>\n\n\n\n<p>Los nuevos conceptos, la tecnolog\u00eda avanzada y un mayor acceso a la informaci\u00f3n han hecho que los pacientes entiendan aun m\u00e1s el valor de sus dientes naturales remanentes, lo que ha aumentado la demanda de tratamientos de endodoncia en todo el mundo desde entonces.<\/p>\n\n\n\n<figure class=\"wp-block-image size-full\"><img decoding=\"async\" loading=\"lazy\" width=\"1644\" height=\"561\" src=\"\/wp-content\/uploads\/2022\/08\/inst1.png\" alt=\"\" class=\"wp-image-236\" srcset=\"https:\/\/vdwdental.com.br\/wp-content\/uploads\/2022\/08\/inst1.png 1644w, https:\/\/vdwdental.com.br\/wp-content\/uploads\/2022\/08\/inst1-250x85.png 250w, https:\/\/vdwdental.com.br\/wp-content\/uploads\/2022\/08\/inst1-700x239.png 700w, https:\/\/vdwdental.com.br\/wp-content\/uploads\/2022\/08\/inst1-768x262.png 768w, https:\/\/vdwdental.com.br\/wp-content\/uploads\/2022\/08\/inst1-1536x524.png 1536w, https:\/\/vdwdental.com.br\/wp-content\/uploads\/2022\/08\/inst1-18x6.png 18w, https:\/\/vdwdental.com.br\/wp-content\/uploads\/2022\/08\/inst1-120x41.png 120w\" sizes=\"(max-width: 1644px) 100vw, 1644px\" \/><\/figure>\n\n\n\n<div class=\"wp-block-columns is-layout-flex wp-container-3 wp-block-columns-is-layout-flex\">\n<div class=\"wp-block-column is-layout-flow wp-block-column-is-layout-flow\">\n<figure class=\"wp-block-image size-full\"><img decoding=\"async\" loading=\"lazy\" width=\"784\" height=\"540\" src=\"\/wp-content\/uploads\/2022\/08\/inst2.jpg\" alt=\"\" class=\"wp-image-237\" srcset=\"https:\/\/vdwdental.com.br\/wp-content\/uploads\/2022\/08\/inst2.jpg 784w, https:\/\/vdwdental.com.br\/wp-content\/uploads\/2022\/08\/inst2-250x172.jpg 250w, https:\/\/vdwdental.com.br\/wp-content\/uploads\/2022\/08\/inst2-700x482.jpg 700w, https:\/\/vdwdental.com.br\/wp-content\/uploads\/2022\/08\/inst2-768x529.jpg 768w, https:\/\/vdwdental.com.br\/wp-content\/uploads\/2022\/08\/inst2-18x12.jpg 18w, https:\/\/vdwdental.com.br\/wp-content\/uploads\/2022\/08\/inst2-120x83.jpg 120w\" sizes=\"(max-width: 784px) 100vw, 784px\" \/><\/figure>\n\n\n\n<p>VDW, con m\u00e1s de 150 a\u00f1os de experiencia dedicados exclusivamente a la Endodoncia, cuenta con un amplio portafolio con productos innovadores y coordinados en forma de soluci\u00f3n de sistema integrado, mejorando la calidad de su tratamiento adem\u00e1s de simplificar los procedimientos cl\u00ednicos.<\/p>\n<\/div>\n\n\n\n<div class=\"wp-block-column is-layout-flow wp-block-column-is-layout-flow\">\n<figure class=\"wp-block-image size-full\"><img decoding=\"async\" loading=\"lazy\" width=\"784\" height=\"540\" src=\"\/wp-content\/uploads\/2022\/08\/inst3.jpg\" alt=\"\" class=\"wp-image-238\" srcset=\"https:\/\/vdwdental.com.br\/wp-content\/uploads\/2022\/08\/inst3.jpg 784w, https:\/\/vdwdental.com.br\/wp-content\/uploads\/2022\/08\/inst3-250x172.jpg 250w, https:\/\/vdwdental.com.br\/wp-content\/uploads\/2022\/08\/inst3-700x482.jpg 700w, https:\/\/vdwdental.com.br\/wp-content\/uploads\/2022\/08\/inst3-768x529.jpg 768w, https:\/\/vdwdental.com.br\/wp-content\/uploads\/2022\/08\/inst3-18x12.jpg 18w, https:\/\/vdwdental.com.br\/wp-content\/uploads\/2022\/08\/inst3-120x83.jpg 120w\" sizes=\"(max-width: 784px) 100vw, 784px\" \/><\/figure>\n\n\n\n<p>La endodoncia moderna utiliza conceptos que aumentan significativamente la calidad de los tratamientos. Tratamientos con menos pasos en el procedimiento y siendo realizados en menos tiempo facilitan el d\u00eda a d\u00eda del profesional y brindan una mejor experiencia al paciente.<br><br>Endo, Easy, Efficient: ese es <strong>el compromiso de VDW con su<\/strong> pr\u00e1ctica diaria.<\/p>\n<\/div>\n<\/div>\n\n\n\n<div class=\"inst-video\">\n<iframe src=\"https:\/\/www.youtube.com\/embed\/zTrStoWjkus\" title=\"YouTube video player\" allow=\"accelerometer; autoplay; clipboard-write; encrypted-media; gyroscope; picture-in-picture\" allowfullscreen=\"\" frameborder=\"0\"><\/iframe>\n<\/div>\n\n\n\n<p><\/p>","protected":false},"excerpt":{"rendered":"<p>Institucional Sobre a marca Os \u00faltimos 15 anos representaram uma evolu\u00e7\u00e3o enorme para a Endodontia Mundial e a VDW contribuiu significativamente com esta jornada. Novos conceitos, tecnologia avan\u00e7ada e maior acesso \u00e0 informa\u00e7\u00e3o fizeram com que os pacientes passassem a entender ainda mais o valor da perman\u00eancia de seus dentes naturais, o que aumentou a&#8230; <a class=\"view-article\" href=\"https:\/\/vdwdental.com.br\/es\/institucional\/\">View Article<\/a><\/p>","protected":false},"author":2,"featured_media":0,"parent":0,"menu_order":0,"comment_status":"closed","ping_status":"closed","template":"template-institucional.php","meta":{"om_disable_all_campaigns":false,"_monsterinsights_skip_tracking":false,"_monsterinsights_sitenote_active":false,"_monsterinsights_sitenote_note":"","_monsterinsights_sitenote_category":0,"footnotes":""},"acf":[],"aioseo_notices":[],"_links":{"self":[{"href":"https:\/\/vdwdental.com.br\/es\/wp-json\/wp\/v2\/pages\/44"}],"collection":[{"href":"https:\/\/vdwdental.com.br\/es\/wp-json\/wp\/v2\/pages"}],"about":[{"href":"https:\/\/vdwdental.com.br\/es\/wp-json\/wp\/v2\/types\/page"}],"author":[{"embeddable":true,"href":"https:\/\/vdwdental.com.br\/es\/wp-json\/wp\/v2\/users\/2"}],"replies":[{"embeddable":true,"href":"https:\/\/vdwdental.com.br\/es\/wp-json\/wp\/v2\/comments?post=44"}],"version-history":[{"count":5,"href":"https:\/\/vdwdental.com.br\/es\/wp-json\/wp\/v2\/pages\/44\/revisions"}],"predecessor-version":[{"id":259,"href":"https:\/\/vdwdental.com.br\/es\/wp-json\/wp\/v2\/pages\/44\/revisions\/259"}],"wp:attachment":[{"href":"https:\/\/vdwdental.com.br\/es\/wp-json\/wp\/v2\/media?parent=44"}],"curies":[{"name":"wp","href":"https:\/\/api.w.org\/{rel}","templated":true}]}}