{"id":213,"date":"2022-08-29T13:08:40","date_gmt":"2022-08-29T16:08:40","guid":{"rendered":"\/?page_id=213"},"modified":"2023-04-04T12:01:01","modified_gmt":"2023-04-04T15:01:01","slug":"home","status":"publish","type":"page","link":"https:\/\/vdwdental.com.br\/es\/","title":{"rendered":"Home"},"content":{"rendered":"<h3 class=\"wp-block-heading\">Productos<\/h3>\n\n\n\n<div class=\"wp-block-columns is-layout-flex wp-container-3 wp-block-columns-is-layout-flex\">\n<div class=\"wp-block-column is-layout-flow wp-block-column-is-layout-flow\">\n<figure class=\"wp-block-image size-large\"><a href=\"http:\/\/vdwdental.com.br\/es\/manual\/\"><img decoding=\"async\" loading=\"lazy\" width=\"700\" height=\"416\" src=\"\/wp-content\/uploads\/2022\/08\/home1-1-700x416.jpg\" alt=\"\" class=\"wp-image-224\" srcset=\"https:\/\/vdwdental.com.br\/wp-content\/uploads\/2022\/08\/home1-1-700x416.jpg 700w, https:\/\/vdwdental.com.br\/wp-content\/uploads\/2022\/08\/home1-1-250x149.jpg 250w, https:\/\/vdwdental.com.br\/wp-content\/uploads\/2022\/08\/home1-1-768x456.jpg 768w, https:\/\/vdwdental.com.br\/wp-content\/uploads\/2022\/08\/home1-1-18x12.jpg 18w, https:\/\/vdwdental.com.br\/wp-content\/uploads\/2022\/08\/home1-1-120x71.jpg 120w, https:\/\/vdwdental.com.br\/wp-content\/uploads\/2022\/08\/home1-1.jpg 808w\" sizes=\"(max-width: 700px) 100vw, 700px\" \/><\/a><\/figure>\n<\/div>\n\n\n\n<div class=\"wp-block-column is-vertically-aligned-center is-layout-flow wp-block-column-is-layout-flow\">\n<h4 class=\"wp-block-heading\">Instrumentaci\u00f3n Manual<\/h4>\n\n\n\n<p><strong>C-PILOT\u2122<\/strong><br>C-PILOT\u2122 es una lima con alta resistencia a la flexi\u00f3n, gracias al proceso t\u00e9rmico especial a la que es sometida, lo que la hace m\u00e1s resistente. Su dise\u00f1o delgado y consistente se adapta a las anatom\u00edas de conductos m\u00e1s complejas y desafiantes, lo que la convierte en la opci\u00f3n ideal para crear un acceso seguro y explorar conductos calcificados.<\/p>\n\n\n\n<p><a href=\"http:\/\/vdwdental.com.br\/es\/manual\/\">\u00a1Descubra la l\u00ednea de productos!<\/a><\/p>\n<\/div>\n<\/div>\n\n\n\n<div class=\"wp-block-columns is-layout-flex wp-container-6 wp-block-columns-is-layout-flex\">\n<div class=\"wp-block-column is-layout-flow wp-block-column-is-layout-flow\">\n<figure class=\"wp-block-image size-large\"><a href=\"http:\/\/vdwdental.com.br\/es\/reciprocante\/\"><img decoding=\"async\" loading=\"lazy\" width=\"700\" height=\"416\" src=\"http:\/\/vdwdental.com.br\/wp-content\/uploads\/2022\/08\/VDW_PRODUTOHOME_RECIPROC_ESP_20220816-1.jpg\" alt=\"\" class=\"wp-image-228\" srcset=\"https:\/\/vdwdental.com.br\/wp-content\/uploads\/2022\/08\/VDW_PRODUTOHOME_RECIPROC_ESP_20220816-1.jpg 808w, https:\/\/vdwdental.com.br\/wp-content\/uploads\/2022\/08\/VDW_PRODUTOHOME_RECIPROC_ESP_20220816-1-250x149.jpg 250w, https:\/\/vdwdental.com.br\/wp-content\/uploads\/2022\/08\/VDW_PRODUTOHOME_RECIPROC_ESP_20220816-1-700x416.jpg 700w, https:\/\/vdwdental.com.br\/wp-content\/uploads\/2022\/08\/VDW_PRODUTOHOME_RECIPROC_ESP_20220816-1-768x456.jpg 768w, https:\/\/vdwdental.com.br\/wp-content\/uploads\/2022\/08\/VDW_PRODUTOHOME_RECIPROC_ESP_20220816-1-18x12.jpg 18w, https:\/\/vdwdental.com.br\/wp-content\/uploads\/2022\/08\/VDW_PRODUTOHOME_RECIPROC_ESP_20220816-1-120x71.jpg 120w\" sizes=\"(max-width: 700px) 100vw, 700px\" \/><\/a><\/figure>\n<\/div>\n\n\n\n<div class=\"wp-block-column is-vertically-aligned-center is-layout-flow wp-block-column-is-layout-flow\">\n<h4 class=\"wp-block-heading\">Instrumentaci\u00f3n Rec\u00edproca<\/h4>\n\n\n\n<p><strong>Familia RECIPROC\u00ae<\/strong><br>La familia Reciproc (RECIPROC y RECIPROC Blue) es el mayor logro en la historia de VDW con m\u00e1s de 22 millones de instrumentos vendidos hasta la fecha, lo que convierte a VDW en uno de los l\u00edderes del mercado mundial en instrumentos alternativos. Desde su lanzamiento, se han realizado m\u00e1s de 400 estudios y publicaciones cient\u00edficas que prueban los beneficios de la familia Reciproc.<\/p>\n\n\n\n<p><a href=\"http:\/\/vdwdental.com.br\/es\/reciprocante\/\">\u00a1Vea la l\u00ednea completa!<\/a><\/p>\n<\/div>\n<\/div>\n\n\n\n<div class=\"wp-block-columns is-layout-flex wp-container-9 wp-block-columns-is-layout-flex\">\n<div class=\"wp-block-column is-layout-flow wp-block-column-is-layout-flow\">\n<figure class=\"wp-block-image size-large\"><a href=\"http:\/\/vdwdental.com.br\/es\/rotatoria\/\"><img decoding=\"async\" loading=\"lazy\" width=\"700\" height=\"460\" src=\"\/wp-content\/uploads\/2022\/08\/rotate-700x460.jpg\" alt=\"\" class=\"wp-image-229\" srcset=\"https:\/\/vdwdental.com.br\/wp-content\/uploads\/2022\/08\/rotate-700x460.jpg 700w, https:\/\/vdwdental.com.br\/wp-content\/uploads\/2022\/08\/rotate-250x164.jpg 250w, https:\/\/vdwdental.com.br\/wp-content\/uploads\/2022\/08\/rotate-768x505.jpg 768w, https:\/\/vdwdental.com.br\/wp-content\/uploads\/2022\/08\/rotate-18x12.jpg 18w, https:\/\/vdwdental.com.br\/wp-content\/uploads\/2022\/08\/rotate-120x79.jpg 120w, https:\/\/vdwdental.com.br\/wp-content\/uploads\/2022\/08\/rotate.jpg 933w\" sizes=\"(max-width: 700px) 100vw, 700px\" \/><\/a><\/figure>\n<\/div>\n\n\n\n<div class=\"wp-block-column is-vertically-aligned-center is-layout-flow wp-block-column-is-layout-flow\">\n<h4 class=\"wp-block-heading\">Instrumentaci\u00f3n Rotatoria<\/h4>\n\n\n\n<p><strong>VDW ROTATE\u00ae<\/strong><br>VDW ROTATE\u00ae es la lima rotatoria m\u00e1s nueva de VDW, fabricada con NiTi. Su punta activa se somete a un tratamiento t\u00e9rmico, posterior al mecanizado, que conduce a una tonalidad azul m\u00e1s clara, llegando casi a una tonalidad gris\u00e1cea. Su secci\u00f3n transversal en forma de \u201cS\u201d adaptada da como resultado un aumento en su eficiencia de corte, al tiempo que limita el efecto del tornillo dentro de los canales, brindando una mayor seguridad contra las fracturas, un menor desgaste innecesario de la estructura dental y un mayor respeto por la anatom\u00eda original de los conductos, una tendencia en la endodoncia actual. <\/p>\n\n\n\n<p><a href=\"http:\/\/vdwdental.com.br\/es\/rotatoria\/\">\u00a1Conozca m\u00e1s sobre esta novedad!<\/a><\/p>\n<\/div>\n<\/div>\n\n\n\n<div class=\"wp-block-columns is-layout-flex wp-container-12 wp-block-columns-is-layout-flex\">\n<div class=\"wp-block-column is-layout-flow wp-block-column-is-layout-flow\">\n<figure class=\"wp-block-image size-large\"><a href=\"http:\/\/vdwdental.com.br\/es\/equipamentos\/\"><img decoding=\"async\" loading=\"lazy\" width=\"700\" height=\"326\" src=\"http:\/\/vdwdental.com.br\/wp-content\/uploads\/2022\/08\/VDW_PRODUTO_EQUIPAMENTOS_ESP_20220816.jpg\" alt=\"\" class=\"wp-image-231\" srcset=\"https:\/\/vdwdental.com.br\/wp-content\/uploads\/2022\/08\/VDW_PRODUTO_EQUIPAMENTOS_ESP_20220816.jpg 982w, https:\/\/vdwdental.com.br\/wp-content\/uploads\/2022\/08\/VDW_PRODUTO_EQUIPAMENTOS_ESP_20220816-250x117.jpg 250w, https:\/\/vdwdental.com.br\/wp-content\/uploads\/2022\/08\/VDW_PRODUTO_EQUIPAMENTOS_ESP_20220816-700x326.jpg 700w, https:\/\/vdwdental.com.br\/wp-content\/uploads\/2022\/08\/VDW_PRODUTO_EQUIPAMENTOS_ESP_20220816-768x358.jpg 768w, https:\/\/vdwdental.com.br\/wp-content\/uploads\/2022\/08\/VDW_PRODUTO_EQUIPAMENTOS_ESP_20220816-18x8.jpg 18w, https:\/\/vdwdental.com.br\/wp-content\/uploads\/2022\/08\/VDW_PRODUTO_EQUIPAMENTOS_ESP_20220816-120x56.jpg 120w\" sizes=\"(max-width: 700px) 100vw, 700px\" \/><\/a><\/figure>\n<\/div>\n\n\n\n<div class=\"wp-block-column is-vertically-aligned-center is-layout-flow wp-block-column-is-layout-flow\">\n<h4 class=\"wp-block-heading\">Familia de motores VDW<\/h4>\n\n\n\n<p><strong>Equipos<\/strong><br>Nuestra gama de motores se completa con VDW Silver Reciproc\u200b\u200b\u200b\u200b<sup>\u00ae<\/sup>, motor de endodoncia con doble movimiento (rotativo y alternativo) y configuraci\u00f3n personalizable y VDW Gold Reciproc, un equipo de endodoncia aprobado en el mercado con localizador apical integrado.<\/p>\n\n\n\n<p><a href=\"http:\/\/vdwdental.com.br\/es\/equipamentos\/\">\u00a1Vea todos los equipos!<\/a><\/p>\n<\/div>\n<\/div>\n\n\n\n<div class=\"wp-block-columns is-layout-flex wp-container-15 wp-block-columns-is-layout-flex\">\n<div class=\"wp-block-column is-layout-flow wp-block-column-is-layout-flow\">\n<figure class=\"wp-block-image size-large\"><a href=\"http:\/\/vdwdental.com.br\/es\/obturacao\/\"><img decoding=\"async\" loading=\"lazy\" width=\"700\" height=\"416\" src=\"\/wp-content\/uploads\/2022\/08\/gutta2-700x416.jpg\" alt=\"\" class=\"wp-image-232\" srcset=\"https:\/\/vdwdental.com.br\/wp-content\/uploads\/2022\/08\/gutta2-700x416.jpg 700w, https:\/\/vdwdental.com.br\/wp-content\/uploads\/2022\/08\/gutta2-250x149.jpg 250w, https:\/\/vdwdental.com.br\/wp-content\/uploads\/2022\/08\/gutta2-768x456.jpg 768w, https:\/\/vdwdental.com.br\/wp-content\/uploads\/2022\/08\/gutta2-18x12.jpg 18w, https:\/\/vdwdental.com.br\/wp-content\/uploads\/2022\/08\/gutta2-120x71.jpg 120w, https:\/\/vdwdental.com.br\/wp-content\/uploads\/2022\/08\/gutta2.jpg 808w\" sizes=\"(max-width: 700px) 100vw, 700px\" \/><\/a><\/figure>\n<\/div>\n\n\n\n<div class=\"wp-block-column is-vertically-aligned-center is-layout-flow wp-block-column-is-layout-flow\">\n<h4 class=\"wp-block-heading\">Accesorios para Obturaci\u00f3n de Conductos<\/h4>\n\n\n\n<p><strong>RECIPROC<sup>\u00ae<\/sup> Gutta-Percha<\/strong><br>Como parte de la soluci\u00f3n RECIPROC integrada, las puntas de Gutta-Percha se identifican con los mismos colores que se usan en los instrumentos Reciproc correspondientes para que el profesional las identifique f\u00e1cilmente. Moldeados por inyecci\u00f3n, se pueden utilizar en t\u00e9cnicas de fr\u00edo o termo plastificado.<\/p>\n\n\n\n<p class=\"botao-acessorios\"><a href=\"http:\/\/vdwdental.com.br\/es\/obturacao\/\" data-type=\"URL\" data-id=\"http:\/\/vdwdental.com.br\/obturacao\">Veja os acess\u00f3rios<\/a><\/p>\n<\/div>\n<\/div>\n\n\n\n<p><\/p>","protected":false},"excerpt":{"rendered":"<p>Produtos Instrumenta\u00e7\u00e3o Manual C-Pilot\u2122Uma lima com alta resist\u00eancia \u00e0 flex\u00e3o, gra\u00e7as ao processo t\u00e9rmico especial a que \u00e9 submetida, o que a torna mais forte. Seu design fino e constante, adequa-se \u00e0s anatomias mais complexas e desafiadoras de canais, fazendo dela a op\u00e7\u00e3o ideal para a cria\u00e7\u00e3o de um acesso seguro e na explora\u00e7\u00e3o de&#8230; <a class=\"view-article\" href=\"https:\/\/vdwdental.com.br\/es\/\">View Article<\/a><\/p>","protected":false},"author":2,"featured_media":0,"parent":0,"menu_order":0,"comment_status":"closed","ping_status":"closed","template":"template-home.php","meta":{"om_disable_all_campaigns":false,"_monsterinsights_skip_tracking":false,"_monsterinsights_sitenote_active":false,"_monsterinsights_sitenote_note":"","_monsterinsights_sitenote_category":0,"footnotes":""},"acf":[],"aioseo_notices":[],"_links":{"self":[{"href":"https:\/\/vdwdental.com.br\/es\/wp-json\/wp\/v2\/pages\/213"}],"collection":[{"href":"https:\/\/vdwdental.com.br\/es\/wp-json\/wp\/v2\/pages"}],"about":[{"href":"https:\/\/vdwdental.com.br\/es\/wp-json\/wp\/v2\/types\/page"}],"author":[{"embeddable":true,"href":"https:\/\/vdwdental.com.br\/es\/wp-json\/wp\/v2\/users\/2"}],"replies":[{"embeddable":true,"href":"https:\/\/vdwdental.com.br\/es\/wp-json\/wp\/v2\/comments?post=213"}],"version-history":[{"count":11,"href":"https:\/\/vdwdental.com.br\/es\/wp-json\/wp\/v2\/pages\/213\/revisions"}],"predecessor-version":[{"id":325,"href":"https:\/\/vdwdental.com.br\/es\/wp-json\/wp\/v2\/pages\/213\/revisions\/325"}],"wp:attachment":[{"href":"https:\/\/vdwdental.com.br\/es\/wp-json\/wp\/v2\/media?parent=213"}],"curies":[{"name":"wp","href":"https:\/\/api.w.org\/{rel}","templated":true}]}}