{"id":48,"date":"2022-05-26T13:51:32","date_gmt":"2022-05-26T16:51:32","guid":{"rendered":"http:\/\/localhost:8888\/vdw_site\/?page_id=48"},"modified":"2023-06-15T09:28:13","modified_gmt":"2023-06-15T12:28:13","slug":"educacao-clinica","status":"publish","type":"page","link":"https:\/\/vdwdental.com.br\/br\/educacao-clinica\/","title":{"rendered":"Educa\u00e7\u00e3o Cl\u00ednica"},"content":{"rendered":"\n<h3 class=\"wp-block-heading\">A ess\u00eancia e o prop\u00f3sito da Educa\u00e7\u00e3o Cl\u00ednica<\/h3>\n\n\n\n<p>A Educa\u00e7\u00e3o Cl\u00ednica VDW tem como preocupa\u00e7\u00e3o a propaga\u00e7\u00e3o do conhecimento odontol\u00f3gico e usa de ve\u00edculos distintos para alcan\u00e7ar todo o seu p\u00fablico.<\/p>\n\n\n\n<p>Mais que uma refer\u00eancia em produtos de qualidade, uma fonte cr\u00edvel e inesgot\u00e1vel de conte\u00fado. Uma empresa que n\u00e3o se limita em vender produtos odontol\u00f3gicos, mas sim em oferecer solu\u00e7\u00f5es completas e que se preocupa em esclarecer d\u00favidas ou trazer o maior n\u00famero de informa\u00e7\u00f5es ao profissional.<br><\/p>\n\n\n\n<div class=\"wp-block-buttons is-content-justification-center is-layout-flex wp-container-1 wp-block-buttons-is-layout-flex\">\n<div class=\"wp-block-button\"><a class=\"wp-block-button__link wp-element-button\" href=\"https:\/\/drive.google.com\/file\/d\/1vrZ-xNACZJhcxNbRWrtrsxrFG55gvx3p\/view?usp=sharing\" target=\"_blank\" rel=\"noreferrer noopener\">Baixar Ebook-ClinicalCase-Rotate<\/a><\/div>\n<\/div>\n","protected":false},"excerpt":{"rendered":"<p>A ess\u00eancia e o prop\u00f3sito da Educa\u00e7\u00e3o Cl\u00ednica A Educa\u00e7\u00e3o Cl\u00ednica VDW tem como preocupa\u00e7\u00e3o a propaga\u00e7\u00e3o do conhecimento odontol\u00f3gico e usa de ve\u00edculos distintos para alcan\u00e7ar todo o seu p\u00fablico. Mais que uma refer\u00eancia em produtos de qualidade, uma fonte cr\u00edvel e inesgot\u00e1vel de conte\u00fado. Uma empresa que n\u00e3o se limita em vender produtos&#8230; <a class=\"view-article\" href=\"https:\/\/vdwdental.com.br\/br\/educacao-clinica\/\">View Article<\/a><\/p>\n","protected":false},"author":2,"featured_media":0,"parent":0,"menu_order":0,"comment_status":"closed","ping_status":"closed","template":"template-educacao-clinica.php","meta":{"om_disable_all_campaigns":false,"_monsterinsights_skip_tracking":false,"_monsterinsights_sitenote_active":false,"_monsterinsights_sitenote_note":"","_monsterinsights_sitenote_category":0,"footnotes":""},"acf":[],"aioseo_notices":[],"_links":{"self":[{"href":"https:\/\/vdwdental.com.br\/br\/wp-json\/wp\/v2\/pages\/48"}],"collection":[{"href":"https:\/\/vdwdental.com.br\/br\/wp-json\/wp\/v2\/pages"}],"about":[{"href":"https:\/\/vdwdental.com.br\/br\/wp-json\/wp\/v2\/types\/page"}],"author":[{"embeddable":true,"href":"https:\/\/vdwdental.com.br\/br\/wp-json\/wp\/v2\/users\/2"}],"replies":[{"embeddable":true,"href":"https:\/\/vdwdental.com.br\/br\/wp-json\/wp\/v2\/comments?post=48"}],"version-history":[{"count":7,"href":"https:\/\/vdwdental.com.br\/br\/wp-json\/wp\/v2\/pages\/48\/revisions"}],"predecessor-version":[{"id":352,"href":"https:\/\/vdwdental.com.br\/br\/wp-json\/wp\/v2\/pages\/48\/revisions\/352"}],"wp:attachment":[{"href":"https:\/\/vdwdental.com.br\/br\/wp-json\/wp\/v2\/media?parent=48"}],"curies":[{"name":"wp","href":"https:\/\/api.w.org\/{rel}","templated":true}]}}