{"id":213,"date":"2022-08-29T13:08:40","date_gmt":"2022-08-29T16:08:40","guid":{"rendered":"\/?page_id=213"},"modified":"2023-04-04T12:01:01","modified_gmt":"2023-04-04T15:01:01","slug":"home","status":"publish","type":"page","link":"https:\/\/vdwdental.com.br\/br\/","title":{"rendered":"Home"},"content":{"rendered":"\n<h3 class=\"wp-block-heading\">Produtos<\/h3>\n\n\n\n<div class=\"wp-block-columns is-layout-flex wp-container-3 wp-block-columns-is-layout-flex\">\n<div class=\"wp-block-column is-layout-flow wp-block-column-is-layout-flow\">\n<figure class=\"wp-block-image size-large\"><a href=\"http:\/\/vdwdental.com.br\/manual\"><img decoding=\"async\" loading=\"lazy\" width=\"700\" height=\"416\" src=\"\/wp-content\/uploads\/2022\/08\/home1-1-700x416.jpg\" alt=\"\" class=\"wp-image-224\" srcset=\"https:\/\/vdwdental.com.br\/wp-content\/uploads\/2022\/08\/home1-1-700x416.jpg 700w, https:\/\/vdwdental.com.br\/wp-content\/uploads\/2022\/08\/home1-1-250x149.jpg 250w, https:\/\/vdwdental.com.br\/wp-content\/uploads\/2022\/08\/home1-1-768x456.jpg 768w, https:\/\/vdwdental.com.br\/wp-content\/uploads\/2022\/08\/home1-1-18x12.jpg 18w, https:\/\/vdwdental.com.br\/wp-content\/uploads\/2022\/08\/home1-1-120x71.jpg 120w, https:\/\/vdwdental.com.br\/wp-content\/uploads\/2022\/08\/home1-1.jpg 808w\" sizes=\"(max-width: 700px) 100vw, 700px\" \/><\/a><\/figure>\n<\/div>\n\n\n\n<div class=\"wp-block-column is-vertically-aligned-center is-layout-flow wp-block-column-is-layout-flow\">\n<h4 class=\"wp-block-heading\">Instrumenta\u00e7\u00e3o Manual<\/h4>\n\n\n\n<p><strong>C-Pilot\u2122<\/strong><br>Uma lima com alta resist\u00eancia \u00e0 flex\u00e3o, gra\u00e7as ao processo t\u00e9rmico especial a que \u00e9 submetida, o que a torna mais forte. Seu design fino e constante, adequa-se \u00e0s anatomias mais complexas e desafiadoras de canais, fazendo dela a op\u00e7\u00e3o ideal para a cria\u00e7\u00e3o de um acesso seguro e na explora\u00e7\u00e3o de canais calcificados.<\/p>\n\n\n\n<p><a href=\"http:\/\/vdwdental.com.br\/manual\">Conhe\u00e7a a linha de produtos!<\/a><\/p>\n<\/div>\n<\/div>\n\n\n\n<div class=\"wp-block-columns is-layout-flex wp-container-6 wp-block-columns-is-layout-flex\">\n<div class=\"wp-block-column is-layout-flow wp-block-column-is-layout-flow\">\n<figure class=\"wp-block-image size-large\"><a href=\"http:\/\/vdwdental.com.br\/reciprocante\"><img decoding=\"async\" loading=\"lazy\" width=\"700\" height=\"416\" src=\"\/wp-content\/uploads\/2022\/08\/home2-700x416.jpg\" alt=\"\" class=\"wp-image-228\" srcset=\"https:\/\/vdwdental.com.br\/wp-content\/uploads\/2022\/08\/home2-700x416.jpg 700w, https:\/\/vdwdental.com.br\/wp-content\/uploads\/2022\/08\/home2-250x149.jpg 250w, https:\/\/vdwdental.com.br\/wp-content\/uploads\/2022\/08\/home2-768x456.jpg 768w, https:\/\/vdwdental.com.br\/wp-content\/uploads\/2022\/08\/home2-18x12.jpg 18w, https:\/\/vdwdental.com.br\/wp-content\/uploads\/2022\/08\/home2-120x71.jpg 120w, https:\/\/vdwdental.com.br\/wp-content\/uploads\/2022\/08\/home2.jpg 808w\" sizes=\"(max-width: 700px) 100vw, 700px\" \/><\/a><\/figure>\n<\/div>\n\n\n\n<div class=\"wp-block-column is-vertically-aligned-center is-layout-flow wp-block-column-is-layout-flow\">\n<h4 class=\"wp-block-heading\">Instrumenta\u00e7\u00e3o Reciprocante<\/h4>\n\n\n\n<p><strong>Fam\u00edlia Reciproc<\/strong><br>A fam\u00edlia Reciproc (RECIPROC e RECIPROC Blue) \u00e9 a maior conquista da hist\u00f3ria da VDW com mais de 22 milh\u00f5es de instrumentos vendidos at\u00e9 hoje, tornando a VDW uma das l\u00edderes globais de mercado de instrumentos reciprocantes. Desde o seu lan\u00e7amento, foram mais de 400 estudos e publica\u00e7\u00f5es cient\u00edficas comprovando os benef\u00edcios da fam\u00edlia Reciproc.<\/p>\n\n\n\n<p><a href=\"http:\/\/vdwdental.com.br\/reciprocante\">Veja a linha completa!<\/a><\/p>\n<\/div>\n<\/div>\n\n\n\n<div class=\"wp-block-columns is-layout-flex wp-container-9 wp-block-columns-is-layout-flex\">\n<div class=\"wp-block-column is-layout-flow wp-block-column-is-layout-flow\">\n<figure class=\"wp-block-image size-large\"><a href=\"http:\/\/vdwdental.com.br\/rotatoria\"><img decoding=\"async\" loading=\"lazy\" width=\"700\" height=\"460\" src=\"\/wp-content\/uploads\/2022\/08\/rotate-700x460.jpg\" alt=\"\" class=\"wp-image-229\" srcset=\"https:\/\/vdwdental.com.br\/wp-content\/uploads\/2022\/08\/rotate-700x460.jpg 700w, https:\/\/vdwdental.com.br\/wp-content\/uploads\/2022\/08\/rotate-250x164.jpg 250w, https:\/\/vdwdental.com.br\/wp-content\/uploads\/2022\/08\/rotate-768x505.jpg 768w, https:\/\/vdwdental.com.br\/wp-content\/uploads\/2022\/08\/rotate-18x12.jpg 18w, https:\/\/vdwdental.com.br\/wp-content\/uploads\/2022\/08\/rotate-120x79.jpg 120w, https:\/\/vdwdental.com.br\/wp-content\/uploads\/2022\/08\/rotate.jpg 933w\" sizes=\"(max-width: 700px) 100vw, 700px\" \/><\/a><\/figure>\n<\/div>\n\n\n\n<div class=\"wp-block-column is-vertically-aligned-center is-layout-flow wp-block-column-is-layout-flow\">\n<h4 class=\"wp-block-heading\">Instrumenta\u00e7\u00e3o Rotat\u00f3ria<\/h4>\n\n\n\n<p><strong>VDW Rotate<\/strong><br>VDW Rotate \u00e9 a mais nova lima rotat\u00f3ria da VDW, fabricada a partir de NiTi. Sua ponta ativa \u00e9 submetida a tratamento t\u00e9rmico, ap\u00f3s a usinagem, o que a leva a apresentar uma tonalidade azul mais clara, quase alcan\u00e7ando uma tonalidade acinzentada. Sua sec\u00e7\u00e3o transversal em forma de \u201cS\u201d adaptado resulta no aumento de sua efici\u00eancia de corte, enquanto limita o efeito parafuso no interior dos canais, trazendo maior seguran\u00e7a contra fraturas, menor desgaste desnecess\u00e1rio de estrutura dental e maior respeito \u00e0 anatomia original dos condutos, uma tend\u00eancia da endodontia atual. <\/p>\n\n\n\n<p><a href=\"http:\/\/vdwdental.com.br\/rotatoria\">Saiba mais sobre essa novidade!<\/a><\/p>\n<\/div>\n<\/div>\n\n\n\n<div class=\"wp-block-columns is-layout-flex wp-container-12 wp-block-columns-is-layout-flex\">\n<div class=\"wp-block-column is-layout-flow wp-block-column-is-layout-flow\">\n<figure class=\"wp-block-image size-large\"><a href=\"http:\/\/vdwdental.com.br\/equipamentos\"><img decoding=\"async\" loading=\"lazy\" width=\"700\" height=\"326\" src=\"\/wp-content\/uploads\/2022\/08\/equip2-700x326.jpg\" alt=\"\" class=\"wp-image-231\" srcset=\"https:\/\/vdwdental.com.br\/wp-content\/uploads\/2022\/08\/equip2-700x326.jpg 700w, https:\/\/vdwdental.com.br\/wp-content\/uploads\/2022\/08\/equip2-250x117.jpg 250w, https:\/\/vdwdental.com.br\/wp-content\/uploads\/2022\/08\/equip2-768x358.jpg 768w, https:\/\/vdwdental.com.br\/wp-content\/uploads\/2022\/08\/equip2-18x8.jpg 18w, https:\/\/vdwdental.com.br\/wp-content\/uploads\/2022\/08\/equip2-120x56.jpg 120w, https:\/\/vdwdental.com.br\/wp-content\/uploads\/2022\/08\/equip2.jpg 982w\" sizes=\"(max-width: 700px) 100vw, 700px\" \/><\/a><\/figure>\n<\/div>\n\n\n\n<div class=\"wp-block-column is-vertically-aligned-center is-layout-flow wp-block-column-is-layout-flow\">\n<h4 class=\"wp-block-heading\">Fam\u00edlia de motores VDW<\/h4>\n\n\n\n<p><strong>Equipamentos<\/strong><br>Nossa linha de motores \u00e9 completa com o VDW Silver Reciproc<sup>\u00ae<\/sup>, motor endod\u00f4ntico com duplo movimento (rotat\u00f3rio e reciprocante) e de configura\u00e7\u00e3o customiz\u00e1vel e VDW Gold Reciproc, um equipamento endod\u00f4ntico aprovado pelo mercado com localizador apical integrado.<\/p>\n\n\n\n<p><a href=\"http:\/\/vdwdental.com.br\/equipamentos\">Veja todos os equipamentos!<\/a><\/p>\n<\/div>\n<\/div>\n\n\n\n<div class=\"wp-block-columns is-layout-flex wp-container-15 wp-block-columns-is-layout-flex\">\n<div class=\"wp-block-column is-layout-flow wp-block-column-is-layout-flow\">\n<figure class=\"wp-block-image size-large\"><a href=\"http:\/\/vdwdental.com.br\/obturacao\"><img decoding=\"async\" loading=\"lazy\" width=\"700\" height=\"416\" src=\"\/wp-content\/uploads\/2022\/08\/gutta2-700x416.jpg\" alt=\"\" class=\"wp-image-232\" srcset=\"https:\/\/vdwdental.com.br\/wp-content\/uploads\/2022\/08\/gutta2-700x416.jpg 700w, https:\/\/vdwdental.com.br\/wp-content\/uploads\/2022\/08\/gutta2-250x149.jpg 250w, https:\/\/vdwdental.com.br\/wp-content\/uploads\/2022\/08\/gutta2-768x456.jpg 768w, https:\/\/vdwdental.com.br\/wp-content\/uploads\/2022\/08\/gutta2-18x12.jpg 18w, https:\/\/vdwdental.com.br\/wp-content\/uploads\/2022\/08\/gutta2-120x71.jpg 120w, https:\/\/vdwdental.com.br\/wp-content\/uploads\/2022\/08\/gutta2.jpg 808w\" sizes=\"(max-width: 700px) 100vw, 700px\" \/><\/a><\/figure>\n<\/div>\n\n\n\n<div class=\"wp-block-column is-vertically-aligned-center is-layout-flow wp-block-column-is-layout-flow\">\n<h4 class=\"wp-block-heading\">Acess\u00f3rios para Obtura\u00e7\u00e3o de Condutos<\/h4>\n\n\n\n<p><strong>RECIPROC<sup>\u00ae<\/sup> Gutta-Percha<\/strong><br>Parte da solu\u00e7\u00e3o integrada RECIPROC, as pontas de Gutta-Percha s\u00e3o identificadas com as mesmas cores utilizadas nos instrumentos Reciproc correspondentes para f\u00e1cil identifica\u00e7\u00e3o por parte do profissional. Moldadas por inje\u00e7\u00e3o, podem ser utilizadas em t\u00e9cnicas a frio ou termo plastificadas.<\/p>\n\n\n\n<p class=\"botao-acessorios\"><a href=\"http:\/\/vdwdental.com.br\/obturacao\" data-type=\"URL\" data-id=\"http:\/\/vdwdental.com.br\/obturacao\">Veja os acess\u00f3rios<\/a><\/p>\n<\/div>\n<\/div>\n\n\n\n<p><\/p>\n","protected":false},"excerpt":{"rendered":"<p>Produtos Instrumenta\u00e7\u00e3o Manual C-Pilot\u2122Uma lima com alta resist\u00eancia \u00e0 flex\u00e3o, gra\u00e7as ao processo t\u00e9rmico especial a que \u00e9 submetida, o que a torna mais forte. Seu design fino e constante, adequa-se \u00e0s anatomias mais complexas e desafiadoras de canais, fazendo dela a op\u00e7\u00e3o ideal para a cria\u00e7\u00e3o de um acesso seguro e na explora\u00e7\u00e3o de&#8230; <a class=\"view-article\" href=\"https:\/\/vdwdental.com.br\/br\/\">View Article<\/a><\/p>\n","protected":false},"author":2,"featured_media":0,"parent":0,"menu_order":0,"comment_status":"closed","ping_status":"closed","template":"template-home.php","meta":{"om_disable_all_campaigns":false,"_monsterinsights_skip_tracking":false,"_monsterinsights_sitenote_active":false,"_monsterinsights_sitenote_note":"","_monsterinsights_sitenote_category":0,"footnotes":""},"acf":[],"aioseo_notices":[],"_links":{"self":[{"href":"https:\/\/vdwdental.com.br\/br\/wp-json\/wp\/v2\/pages\/213"}],"collection":[{"href":"https:\/\/vdwdental.com.br\/br\/wp-json\/wp\/v2\/pages"}],"about":[{"href":"https:\/\/vdwdental.com.br\/br\/wp-json\/wp\/v2\/types\/page"}],"author":[{"embeddable":true,"href":"https:\/\/vdwdental.com.br\/br\/wp-json\/wp\/v2\/users\/2"}],"replies":[{"embeddable":true,"href":"https:\/\/vdwdental.com.br\/br\/wp-json\/wp\/v2\/comments?post=213"}],"version-history":[{"count":11,"href":"https:\/\/vdwdental.com.br\/br\/wp-json\/wp\/v2\/pages\/213\/revisions"}],"predecessor-version":[{"id":325,"href":"https:\/\/vdwdental.com.br\/br\/wp-json\/wp\/v2\/pages\/213\/revisions\/325"}],"wp:attachment":[{"href":"https:\/\/vdwdental.com.br\/br\/wp-json\/wp\/v2\/media?parent=213"}],"curies":[{"name":"wp","href":"https:\/\/api.w.org\/{rel}","templated":true}]}}